{"id":967,"date":"2019-01-14T10:11:50","date_gmt":"2019-01-14T09:11:50","guid":{"rendered":"https:\/\/parkraum.de\/2024\/?page_id=967"},"modified":"2024-03-11T09:33:16","modified_gmt":"2024-03-11T08:33:16","slug":"start-neu","status":"publish","type":"page","link":"https:\/\/parkraum.de\/2024\/","title":{"rendered":"Start"},"content":{"rendered":"<section class=\"wpb-content-wrapper\">[vc_row thb_full_width=&#8220;true&#8220; thb_divider_position=&#8220;bottom&#8220;][vc_column][vc_column_text]<div class=\"rolo_wrapper images rolo_wrapper9 force-width\"><div id=\"rolo_1226_5\" class=\"owl-carousel rolo_slider clearfix \" data-anm=\"fadeUp\" data-hgh=\"300\" data-slsp=\"2500\" data-autp=\"on\" data-autps=\"3800\" data-hsb=\"\" data-scr=\"off\" data-bul=\"\" data-autst=\"on\" data-fw=\"yes\"><div class=\"item\"><img decoding=\"async\" alt=\"\" class=\"slide-img lazyload\" src=\"data:image\/gif;base64,R0lGODlhAQABAAAAACH5BAEKAAEALAAAAAABAAEAAAICTAEAOw==\" data-src=\"https:\/\/parkraum.de\/2024\/wp-content\/uploads\/2019\/02\/slider-1_new.jpg\"\/><\/div><div class=\"item item\"><img decoding=\"async\" alt=\"\" class=\"slide-img lazyload\" src=\"data:image\/gif;base64,R0lGODlhAQABAAAAACH5BAEKAAEALAAAAAABAAEAAAICTAEAOw==\" data-src=\"https:\/\/parkraum.de\/2024\/wp-content\/uploads\/2017\/09\/slider2-1.jpg\"\/><\/div><div class=\"item item item\"><img decoding=\"async\" alt=\"\" class=\"slide-img lazyload\" src=\"data:image\/gif;base64,R0lGODlhAQABAAAAACH5BAEKAAEALAAAAAABAAEAAAICTAEAOw==\" data-src=\"https:\/\/parkraum.de\/2024\/wp-content\/uploads\/2017\/09\/slider3-1.jpg\"\/><\/div><div class=\"item item item item\"><img decoding=\"async\" alt=\"\" class=\"slide-img lazyload\" src=\"data:image\/gif;base64,R0lGODlhAQABAAAAACH5BAEKAAEALAAAAAABAAEAAAICTAEAOw==\" data-src=\"https:\/\/parkraum.de\/2024\/wp-content\/uploads\/2019\/02\/slider-2_new.jpg\"\/><\/div><div class=\"item item item item item\"><img decoding=\"async\" alt=\"\" class=\"slide-img lazyload\" src=\"data:image\/gif;base64,R0lGODlhAQABAAAAACH5BAEKAAEALAAAAAABAAEAAAICTAEAOw==\" data-src=\"https:\/\/parkraum.de\/2024\/wp-content\/uploads\/2017\/09\/slider4-1.jpg\"\/><\/div><\/div><\/div>[\/vc_column_text][\/vc_column][\/vc_row][vc_row thb_row_padding=&#8220;true&#8220; thb_column_padding=&#8220;true&#8220; thb_divider_position=&#8220;bottom&#8220; el_class=&#8220;first-top&#8220;][vc_column][vc_single_image image=&#8220;4526&#8243; img_size=&#8220;full&#8220; css=&#8220;.vc_custom_1654597054078{border-radius: 3px !important;}&#8220;][\/vc_column][\/vc_row][vc_row thb_row_padding=&#8220;true&#8220; content_placement=&#8220;middle&#8220; thb_divider_position=&#8220;bottom&#8220; css=&#8220;.vc_custom_1648630963106{margin-right: 45px !important;margin-left: 45px !important;background-color: #198cc8 !important;}&#8220; thb_video_overlay_color=&#8220;#198cc8&#8243; el_class=&#8220;teaser-top&#8220;][vc_column width=&#8220;1\/4&#8243;][\/vc_column][vc_column width=&#8220;1\/2&#8243;][vc_custom_heading text=&#8220;DIGITALES<br \/>\nPARKRAUMMANAGEMENT&#8220; font_container=&#8220;tag:h3|text_align:center|color:%23ffffff&#8220; google_fonts=&#8220;font_family:Days%20One%3Aregular|font_style:400%20regular%3A400%3Anormal&#8220; css=&#8220;.vc_custom_1648630983170{margin-top: 20px !important;}&#8220;][vc_column_text el_class=&#8220;typo-dkblau&#8220;]\n<h2 class=\"wpb_heading wpb_singleimage_heading\" style=\"text-align: center; color: #fff !important;\">SO FUNKTIONIERT UNSER PARKAUTOMAT<\/h2>\n[\/vc_column_text][vc_btn title=&#8220;Mehr dar\u00fcber erfahren?&#8220; style=&#8220;flat&#8220; color=&#8220;blue&#8220; size=&#8220;lg&#8220; align=&#8220;center&#8220; i_align=&#8220;right&#8220; i_icon_fontawesome=&#8220;fas fa-chevron-right&#8220; button_block=&#8220;true&#8220; add_icon=&#8220;true&#8220; link=&#8220;url:https%3A%2F%2Fparkraum.de%2F2024%2Fparkautomat-richtig-bedienen%2F|title:Digitales%20Parkraummanagement||&#8220; el_class=&#8220;ks-button&#8220;][\/vc_column][vc_column width=&#8220;1\/4&#8243;][\/vc_column][\/vc_row][vc_row thb_divider_position=&#8220;bottom&#8220;][vc_column][vc_text_separator title=&#8220;K+S \u2013 IHR PARKRAUM IN GUTEN H\u00c4NDEN&#8220; color=&#8220;blue&#8220; border_width=&#8220;2&#8243; el_class=&#8220;trennline&#8220;][\/vc_column][\/vc_row][vc_row thb_divider_position=&#8220;bottom&#8220;][vc_column width=&#8220;2\/3&#8243;][vc_custom_heading text=&#8220;Service&#8220; font_container=&#8220;tag:h3|font_size:22|text_align:center|color:%23283c82&#8243; use_theme_fonts=&#8220;yes&#8220; el_class=&#8220;subhead&#8220;][\/vc_column][vc_column width=&#8220;1\/3&#8243;][vc_custom_heading text=&#8220;Gesch\u00e4ftskunden&#8220; font_container=&#8220;tag:h3|font_size:22|text_align:center|color:%23283c82&#8243; use_theme_fonts=&#8220;yes&#8220; el_class=&#8220;subhead&#8220;][\/vc_column][\/vc_row][vc_row thb_divider_position=&#8220;bottom&#8220; css=&#8220;.vc_custom_1519983797376{margin-bottom: 30px !important;}&#8220; el_class=&#8220;break&#8220;][vc_column width=&#8220;1\/3&#8243; css=&#8220;.vc_custom_1506598692022{margin-bottom: 20px !important;padding-top: 20px !important;padding-right: 20px !important;padding-bottom: 20px !important;padding-left: 20px !important;background-color: #dedede !important;border-radius: 5px !important;}&#8220;][vc_column_text el_class=&#8220;typo-dkblau&#8220;]\n<h2 style=\"text-align: center;\">Sie haben gegen die Parkordnung versto\u00dfen?<\/h2>\n[\/vc_column_text][vc_btn title=&#8220;Wie geht es weiter?&#8220; style=&#8220;flat&#8220; color=&#8220;blue&#8220; size=&#8220;lg&#8220; align=&#8220;center&#8220; button_block=&#8220;true&#8220; link=&#8220;url:%2Fverstoss-parkordnung%2F|||&#8220;][\/vc_column][vc_column width=&#8220;1\/3&#8243; css=&#8220;.vc_custom_1506598699581{margin-bottom: 20px !important;padding-top: 20px !important;padding-right: 20px !important;padding-bottom: 20px !important;padding-left: 20px !important;background-color: #dedede !important;border-radius: 5px !important;}&#8220;][vc_column_text el_class=&#8220;typo-dkblau&#8220;]\n<h2 class=\"wpb_heading wpb_singleimage_heading\" style=\"text-align: center;\">Sie sind auf der<br \/>\nSuche nach einem Dauerparkplatz in Ihrer<br \/>\nN\u00e4he?<\/h2>\n[\/vc_column_text][vc_btn title=&#8220;Hier finden Sie ihn!&#8220; style=&#8220;flat&#8220; color=&#8220;blue&#8220; size=&#8220;lg&#8220; align=&#8220;center&#8220; button_block=&#8220;true&#8220; link=&#8220;url:%2Fdauerparkplatz|||&#8220;][\/vc_column][vc_column width=&#8220;1\/3&#8243; css=&#8220;.vc_custom_1504512577227{margin-bottom: 20px !important;padding-top: 20px !important;padding-right: 20px !important;padding-bottom: 20px !important;padding-left: 20px !important;background-color: #198cc8 !important;border-radius: 5px !important;}&#8220;][vc_column_text]\n<h2 class=\"wpb_heading wpb_singleimage_heading\" style=\"text-align: center;\">Sie haben eine<br \/>\nFl\u00e4che, die von uns bewirtschaftet werden<br \/>\nsoll?<\/h2>\n[\/vc_column_text][vc_btn title=&#8220;Wir helfen Ihnen!&#8220; style=&#8220;flat&#8220; color=&#8220;blue&#8220; size=&#8220;lg&#8220; align=&#8220;center&#8220; button_block=&#8220;true&#8220; link=&#8220;url:%2Fbewirtschaftung|||&#8220;][\/vc_column][\/vc_row][vc_row thb_divider_position=&#8220;bottom&#8220;][vc_column][vc_text_separator title=&#8220;Digitale Revolution &#8211; Smart Parking&#8220; color=&#8220;blue&#8220; border_width=&#8220;2&#8243; el_class=&#8220;trennline&#8220;][\/vc_column][\/vc_row][vc_row thb_divider_position=&#8220;bottom&#8220;][vc_column width=&#8220;1\/2&#8243;]\t<div id=\"thb-image-69ecfea757014\" class=\"caption-style1  alignleft   thb_image_link wp-caption\">\n\t\t\t<div class=\"thb-image-inner size_100\">\n\t\t\t<img loading=\"lazy\" decoding=\"async\" width=\"500\" height=\"334\" src=\"https:\/\/parkraum.de\/2024\/wp-content\/uploads\/2017\/08\/fotolia_136005088.jpg\" class=\"thb_image   thb-ignore-lazyload attachment-full thb-lazyload lazyload\" alt=\"\" title=\"Parking lots in Cluj Napoca&#039;s downtown\" data-src=\"https:\/\/parkraum.de\/2024\/wp-content\/uploads\/2017\/08\/fotolia_136005088.jpg\" data-sizes=\"auto\" \/>\n\t\t<\/div>\n\t\t\t\t\t<\/div>\n\t[\/vc_column][vc_column width=&#8220;1\/2&#8243;][vc_cta h2=&#8220;&#8220; style=&#8220;flat&#8220; color=&#8220;white&#8220; add_button=&#8220;bottom&#8220; btn_title=&#8220;Erfahren Sie mehr!&#8220; btn_style=&#8220;flat&#8220; btn_color=&#8220;blue&#8220; btn_add_icon=&#8220;true&#8220; btn_custom_onclick=&#8220;true&#8220; el_class=&#8220;call-to-special&#8220; btn_link=&#8220;url:%2Fdigitales-parkraummanagement%2F|||&#8220;]\n<h2 style=\"color: rgba(40,60,130,1) !important;\">Digitales Parkraummanagement<br \/>\nmit optischer Sensorik<\/h2>\n<p>Durch die digitale Kontrolle ohne Parkscheibe erm\u00f6glicht K+S Parkraum Service eine faire und transparente Parkplatzkontrolle.[\/vc_cta][vc_cta h2=&#8220;&#8220; style=&#8220;flat&#8220; color=&#8220;white&#8220; add_button=&#8220;bottom&#8220; btn_title=&#8220;Erfahren Sie mehr!&#8220; btn_style=&#8220;flat&#8220; btn_color=&#8220;blue&#8220; btn_add_icon=&#8220;true&#8220; btn_custom_onclick=&#8220;true&#8220; el_class=&#8220;call-to-special&#8220; btn_link=&#8220;url:%2Fsmart%2F|||&#8220;]\n<h2 style=\"color: rgba(40,60,130,1) !important;\">Das sensorisch gesteuerte Parksystem<br \/>\nvon \u00ad\u00adK+S\u00a0Parkraum Service<\/h2>\n<p>Mit dem Smart Parking System von K+S geh\u00f6rt die Parkscheibe der Vergangenheit an! Sie wird nicht mehr ben\u00f6tigt, da die Daten des Sensors zur Berechnung von Start- und Endzeit beim Parken ausgelesen werden.[\/vc_cta][\/vc_column][\/vc_row][vc_row thb_divider_position=&#8220;bottom&#8220;][vc_column][vc_text_separator title=&#8220;Unsere Leistungen und Vorteile&#8220; color=&#8220;blue&#8220; border_width=&#8220;2&#8243; el_class=&#8220;trennline&#8220;][\/vc_column][\/vc_row][vc_row thb_divider_position=&#8220;bottom&#8220;][vc_column][vc_tta_accordion color=&#8220;sky&#8220; active_section=&#8220;0&#8243; collapsible_all=&#8220;true&#8220;][vc_tta_section title=&#8220;Parkraum-Management&#8220; tab_id=&#8220;1504527563689-c0491ba4-86c7&#8243;][vc_column_text]\n<ul>\n<li>Full-Service rund ums Parken<\/li>\n<li>Bereitstellung von Parkautomaten<\/li>\n<li>Sensorische Parkkontrolle auf Wunsch<\/li>\n<li>Kurze Vertragslaufzeiten<\/li>\n<li>Kostenloser Service<\/li>\n<li>Bewerbung von Mietstellfl\u00e4chen<\/li>\n<li>Dauer- und Kurzzeitparker<\/li>\n<li>Deeskalierender Umgang<\/li>\n<\/ul>\n[\/vc_column_text][\/vc_tta_section][vc_tta_section title=&#8220;Kontrolle und Ordnung&#8220; tab_id=&#8220;1504527563788-07631911-13e1&#8243;][vc_column_text]\n<ul>\n<li>kostenfreier Kontrollservice<\/li>\n<li>Schutz von Behindertenparkpl\u00e4tzen<\/li>\n<li>Freihalten von Rettungswegen<\/li>\n<li>Kontrolle von Feuerwehrzufahrten<\/li>\n<li>professioneller Umgang mit Falschparkern<\/li>\n<li>Gr\u00fcnschnitt, Ber\u00e4umung und Stra\u00dfendienst<\/li>\n<li>Parkraum-Beleuchtung<\/li>\n<li>Barrierefreier Zugang<\/li>\n<li>Partner des Einzelhandels f\u00fcr \u201eGenerationenfreundliches Einkaufen\u201c<\/li>\n<\/ul>\n[\/vc_column_text][\/vc_tta_section][vc_tta_section title=&#8220;Entwicklung und Innovation&#8220; tab_id=&#8220;1504527808904-c7a2511b-2160&#8243;][vc_column_text]\n<ul>\n<li>Flexible Nutzungskonzepte f\u00fcr Parkr\u00e4ume<\/li>\n<li>Aufwertung von ungenutzten Brachen<\/li>\n<li>Gewinnbringende Nutzung von Fl\u00e4chen<\/li>\n<li>Exklusiver Einsatz innovativer Parksensorik<\/li>\n<li>Bundesweiter Aktionsradius<\/li>\n<li>Moderne Software im Backoffice<\/li>\n<\/ul>\n[\/vc_column_text][\/vc_tta_section][\/vc_tta_accordion][\/vc_column][\/vc_row][vc_row thb_divider_position=&#8220;bottom&#8220;][vc_column][vc_text_separator title=&#8220;STARKER SERVICE&#8220; color=&#8220;blue&#8220; border_width=&#8220;2&#8243; el_class=&#8220;trennline&#8220;][\/vc_column][\/vc_row][vc_row thb_divider_position=&#8220;bottom&#8220;][vc_column][vc_tta_accordion color=&#8220;sky&#8220; active_section=&#8220;0&#8243; collapsible_all=&#8220;true&#8220;][vc_tta_section title=&#8220;Das k\u00f6nnen Sie erwarten&#8220; tab_id=&#8220;1506589240769-c799abf6-cbb2&#8243;][vc_column_text]Zu unserem Service geh\u00f6ren die Kontrolle des ruhenden Verkehrs, das Freihalten von <strong>Rettungswegen und Feuerwehrzufahrten<\/strong> sowie der <strong>Schutz von Behindertenparkpl\u00e4tzen<\/strong> vor missbr\u00e4uchlicher Nutzung. Wir setzen die Parkplatzordnung professionell durch und k\u00f6nnen somit den Parkplatzmissbrauch auf ein Minimum reduzieren. Unsere Mitarbeiter \u00fcberpr\u00fcfen Parktickets und \u2013 sofern vorhanden \u2013 auch die Parkscheinautomaten vor Ort und warten diese.<br \/>\nWir garantieren einen ausgewogenen Umgang mit Falschparkern. <strong>Abschleppen hat bei uns nicht oberste Priorit\u00e4t.<\/strong> Unsere Mitarbeiter sind gut geschult, h\u00f6flich und deeskalierend im Umgang und effektiv in der Kontrolle. Wir \u00fcbernehmen sowohl die Verwaltung von Dauer- als auch das Management von Kurzzeitparkpl\u00e4tzen \u2013 professionell unterst\u00fctzt von unserem Backoffice, das auf modernste Softwarel\u00f6sungen zur\u00fcckgreift. Beim Umgang mit Parks\u00fcnden liegen das Inkasso und die Abrechnung sicher in unserer Hand.[\/vc_column_text][\/vc_tta_section][vc_tta_section title=&#8220;Das K+S Parkfl\u00e4chenmanagement&#8220; tab_id=&#8220;1506589240960-582be098-67b7&#8243;][vc_column_text]Sie haben bereits Parkr\u00e4ume definiert oder nutzen diese sogar schon? Wir entwickeln Ihre Parkfl\u00e4chen weiter. Um barrierefreien Zugang oder die Einhaltung von Sicherheitsstandards zu gew\u00e4hrleisten, erarbeiten wir Konzepte zur Aufwertung Ihrer Parkfl\u00e4chen. So garantieren wir beispielsweise, dass sich auch mobilit\u00e4tseingeschr\u00e4nkte Menschen oder Personen mit Handicap entspannt und sicher auf Ihrer Parkfl\u00e4che bewegen k\u00f6nnen. <strong>Auf den Parkpl\u00e4tzen des Einzelhandels richten wir uns nach den Kriterien zur Vergabe des Qualit\u00e4tszeichens \u201eGenerationenfreundliches Einkaufen\u201c.<\/strong> Sie profitieren von unserer Erfahrung und sichern sich damit Wettbewerbsvorteile durch zufriedenere Nutzer Ihres Parkraums![\/vc_column_text][\/vc_tta_section][vc_tta_section title=&#8220;Zukunft gestalten &#8211; wir entwickeln Liegenschaften&#8220; tab_id=&#8220;1506589241141-53fd4593-da07&#8243;][vc_column_text]Sie verf\u00fcgen \u00fcber ungenutzte Fl\u00e4chen? <strong>Wir haben Erfahrung in der nachhaltigen Entwicklung von Parkr\u00e4umen.<\/strong> Egal, ob Brache oder bereits genutzte Fl\u00e4che \u2013 K+S entwickelt sie zum Parkplatz. Denn ungenutzte oder unwirtschaftlich genutzte Fl\u00e4chen verursachen Kosten. Mit unserer Unterst\u00fctzung kann aus diesem \u201etoten Kapital\u201c bald gewinnbringender Parkraum werden. Wir bewerben die Mietstellfl\u00e4chen f\u00fcr Lang- und Kurzzeitparker und stellen technisches Equipment wie Parkscheinautomaten oder Schranken bereit. Da es manchmal nicht absehbar ist, ob und wann die Fl\u00e4che einer anderen Nutzung zugef\u00fchrt wird, bieten wir Ihnen \u2013 je nach Bedarf \u2013 kurze oder l\u00e4ngere Laufzeiten an, sodass Sie stets flexibel bleiben.[\/vc_column_text][\/vc_tta_section][\/vc_tta_accordion][\/vc_column][\/vc_row][vc_row thb_divider_position=&#8220;bottom&#8220;][vc_column][vc_text_separator title=&#8220;Schnellkontakt&#8220; color=&#8220;blue&#8220; border_width=&#8220;2&#8243; el_class=&#8220;trennline&#8220;][\/vc_column][\/vc_row][vc_row thb_divider_position=&#8220;bottom&#8220;][vc_column width=&#8220;1\/2&#8243;][vc_icon icon_fontawesome=&#8220;fa fa-envelope-square&#8220; size=&#8220;xl&#8220; align=&#8220;center&#8220; link=&#8220;url:mailto%3Ainfo%40parkdruck.de|||&#8220;][vc_custom_heading text=&#8220;E-Mail<br \/>\n&#105;&#x6e;&#x66;&#111;&#x40;&#x70;&#97;&#x72;&#x6b;&#114;&#x61;&#x75;&#109;&#x2e;&#x64;&#101;&#8220; font_container=&#8220;tag:h3|font_size:22|text_align:center|color:%23283c82&#8243; use_theme_fonts=&#8220;yes&#8220; el_class=&#8220;subhead&#8220; link=&#8220;url:mailto%3Ainfo%40parkraum.de|||&#8220;][\/vc_column][vc_column width=&#8220;1\/2&#8243;][vc_icon icon_fontawesome=&#8220;fa fa-phone-square&#8220; size=&#8220;xl&#8220; align=&#8220;center&#8220; link=&#8220;url:tel%3A%2B491805014496|||&#8220;][vc_custom_heading text=&#8220;Telefon<br \/>\n+49 (0) 1805 014496&#8243; font_container=&#8220;tag:h3|font_size:22|text_align:center|color:%23283c82&#8243; use_theme_fonts=&#8220;yes&#8220; el_class=&#8220;subhead&#8220; link=&#8220;url:tel%3A%2B491805014496|||&#8220;][vc_column_text]<span class=\"color_17\">* 0,14 Euro pro Minute aus dem Festnetz; maximal 0,42 Euro pro Minute aus den Mobilfunknetzen\u00a0<\/span>[\/vc_column_text][\/vc_column][\/vc_row]\n<\/section>","protected":false},"excerpt":{"rendered":"<p>[vc_row thb_full_width=&#8220;true&#8220; thb_divider_position=&#8220;bottom&#8220;][vc_column][vc_column_text][\/vc_column_text][\/vc_column][\/vc_row][vc_row thb_row_padding=&#8220;true&#8220; thb_column_padding=&#8220;true&#8220; thb_divider_position=&#8220;bottom&#8220; el_class=&#8220;first-top&#8220;][vc_column][vc_single_image image=&#8220;4526&#8243; img_size=&#8220;full&#8220; css=&#8220;.vc_custom_1654597054078{border-radius: 3px !important;}&#8220;][\/vc_column][\/vc_row][vc_row thb_row_padding=&#8220;true&#8220; content_placement=&#8220;middle&#8220; thb_divider_position=&#8220;bottom&#8220; css=&#8220;.vc_custom_1648630963106{margin-right: 45px !important;margin-left: 45px !important;background-color: #198cc8 !important;}&#8220; thb_video_overlay_color=&#8220;#198cc8&#8243; el_class=&#8220;teaser-top&#8220;][vc_column width=&#8220;1\/4&#8243;][\/vc_column][vc_column width=&#8220;1\/2&#8243;][vc_custom_heading text=&#8220;DIGITALES PARKRAUMMANAGEMENT&#8220; font_container=&#8220;tag:h3|text_align:center|color:%23ffffff&#8220; google_fonts=&#8220;font_family:Days%20One%3Aregular|font_style:400%20regular%3A400%3Anormal&#8220; css=&#8220;.vc_custom_1648630983170{margin-top: 20px !important;}&#8220;][vc_column_text el_class=&#8220;typo-dkblau&#8220;] SO FUNKTIONIERT UNSER PARKAUTOMAT [\/vc_column_text][vc_btn title=&#8220;Mehr dar\u00fcber erfahren?&#8220; style=&#8220;flat&#8220; color=&#8220;blue&#8220; size=&#8220;lg&#8220; align=&#8220;center&#8220; i_align=&#8220;right&#8220; i_icon_fontawesome=&#8220;fas fa-chevron-right&#8220; button_block=&#8220;true&#8220; add_icon=&#8220;true&#8220; link=&#8220;url:https%3A%2F%2Fparkraum.de%2F2024%2Fparkautomat-richtig-bedienen%2F|title:Digitales%20Parkraummanagement||&#8220; el_class=&#8220;ks-button&#8220;][\/vc_column][vc_column width=&#8220;1\/4&#8243;][\/vc_column][\/vc_row][vc_row thb_divider_position=&#8220;bottom&#8220;][vc_column][vc_text_separator&hellip;<\/p>\n","protected":false},"author":6,"featured_media":0,"parent":0,"menu_order":0,"comment_status":"closed","ping_status":"closed","template":"","meta":{"_acf_changed":false,"footnotes":""},"class_list":["post-967","page","type-page","status-publish","hentry"],"acf":[],"_links":{"self":[{"href":"https:\/\/parkraum.de\/2024\/wp-json\/wp\/v2\/pages\/967"}],"collection":[{"href":"https:\/\/parkraum.de\/2024\/wp-json\/wp\/v2\/pages"}],"about":[{"href":"https:\/\/parkraum.de\/2024\/wp-json\/wp\/v2\/types\/page"}],"author":[{"embeddable":true,"href":"https:\/\/parkraum.de\/2024\/wp-json\/wp\/v2\/users\/6"}],"replies":[{"embeddable":true,"href":"https:\/\/parkraum.de\/2024\/wp-json\/wp\/v2\/comments?post=967"}],"version-history":[{"count":24,"href":"https:\/\/parkraum.de\/2024\/wp-json\/wp\/v2\/pages\/967\/revisions"}],"predecessor-version":[{"id":5637,"href":"https:\/\/parkraum.de\/2024\/wp-json\/wp\/v2\/pages\/967\/revisions\/5637"}],"wp:attachment":[{"href":"https:\/\/parkraum.de\/2024\/wp-json\/wp\/v2\/media?parent=967"}],"curies":[{"name":"wp","href":"https:\/\/api.w.org\/{rel}","templated":true}]}}