{"id":431,"date":"2024-09-03T16:27:22","date_gmt":"2024-09-03T14:27:22","guid":{"rendered":"https:\/\/parkraum.de\/2024\/?page_id=431"},"modified":"2025-01-23T19:57:30","modified_gmt":"2025-01-23T18:57:30","slug":"datenschutz","status":"publish","type":"page","link":"https:\/\/parkraum.de\/2024\/datenschutz\/","title":{"rendered":"Datenschutz"},"content":{"rendered":"<section class=\"wpb-content-wrapper\">[vc_row thb_full_width=&#8220;true&#8220; thb_row_padding=&#8220;true&#8220; thb_column_padding=&#8220;true&#8220; thb_divider_position=&#8220;bottom&#8220;][vc_column]\t<div id=\"thb-image-69ed02653e3bb\" class=\"caption-style1  alignleft full  thb_image_link wp-caption\">\n\t\t\t<div class=\"thb-image-inner size_100\">\n\t\t\t<img loading=\"lazy\" decoding=\"async\" width=\"1000\" height=\"250\" src=\"https:\/\/parkraum.de\/2024\/wp-content\/uploads\/2017\/09\/slider3.jpg\" class=\"thb_image   thb-ignore-lazyload attachment-full thb-lazyload lazyload\" alt=\"\" title=\"slider3\" sizes=\"(max-width: 1000px) 100vw, 1000px\" data-src=\"https:\/\/parkraum.de\/2024\/wp-content\/uploads\/2017\/09\/slider3.jpg\" data-sizes=\"auto\" data-srcset=\"https:\/\/parkraum.de\/2024\/wp-content\/uploads\/2017\/09\/slider3.jpg 1000w, https:\/\/parkraum.de\/2024\/wp-content\/uploads\/2017\/09\/slider3-768x192.jpg 768w, https:\/\/parkraum.de\/2024\/wp-content\/uploads\/2017\/09\/slider3-600x150.jpg 600w\" \/>\n\t\t<\/div>\n\t\t\t\t\t<\/div>\n\t[\/vc_column][\/vc_row][vc_row thb_divider_position=&#8220;bottom&#8220;][vc_column][vc_text_separator title=&#8220;Datenschutzerkl\u00e4rung&#8220; color=&#8220;blue&#8220; border_width=&#8220;2&#8243; el_class=&#8220;trennline&#8220;][vc_column_text]<strong>Datenschutzerkl\u00e4rung f\u00fcr Parkplatznutzer<br \/>\n<\/strong>Die Datenschutzhinweise f\u00fcr Parkplatznutzer finden Sie <a href=\"https:\/\/parkraum.de\/2024\/datenschutz-nutzer\/\">hier<\/a>.<\/p>\n<h3>Datenschutzerkl\u00e4rung f\u00fcr Webseitenbesucher<br \/>\nDatenschutzerkl\u00e4rung zur Nutzung der Webseite parkraum.de<\/h3>\n<p>Nachfolgend informieren wir Sie \u00fcber die Verarbeitung Ihrer personenbezogenen Daten, die anl\u00e4sslich der Nutzung der Webseite und zu deren Zweck erfolgt.<\/p>\n<h3>Name und die Kontaktdaten des Verantwortlichen f\u00fcr die Datenverarbeitung im Sinne der Datenschutz-Grundverordnung (DSGVO)<\/h3>\n<p>K+S Parkraumservice GmbH<br \/>\nvertretungsberechtige gesch\u00e4ftsf\u00fchrende Gesellschafter: Wolfgang Schreiber und Sirko Kruse<br \/>\nFinsterwalder Str. 21, 03238 Massen-Niederlausitz OT Massen<br \/>\nTel.: 0180 \u2013 50 14 496*<br \/>\n* 0,14 Euro pro Minute aus dem Festnetz; maximal 0,42 Euro pro Minute aus den Mobilfunknetzen<\/p>\n<p><strong>Datenschutzbeauftragter:<\/strong><br \/>\nWir haben einen externen Datenschutzbeauftragten bestellt. Diesen erreichen Sie unter der E-Mail:\u00a0<a href=\"&#x6d;&#97;&#105;l&#x74;&#x6f;&#58;d&#x61;&#x74;&#101;n&#x73;&#x63;&#104;u&#x74;&#x7a;&#64;p&#x61;&#x72;&#107;r&#x61;&#x75;&#109;&#46;d&#x65;\">&#x64;&#97;t&#x65;&#110;s&#x63;&#104;u&#x74;&#122;&#64;&#x70;&#97;r&#x6b;&#114;a&#x75;&#109;&#46;&#x64;&#101;<\/a><\/p>\n<h3>Hinweise zur Verarbeitung personenbezogener Daten<\/h3>\n<p>Im Rahmen der Unterhaltung und Bereitstellung der Webseite verarbeiten wir personenbezogene Daten der Webseiten-Besucher auf Grundlage der gesetzlichen Bestimmungen der Datenschutz-Grundverordnung (DSGVO). Insbesondere dient die Erhebung und Verarbeitung der Daten dazu die Funktionsf\u00e4higkeit der Webseite sicherzustellen, unsere Inhalte darzubieten, mit Ihnen ggf. zu kommunizieren und Leistungen anbieten und erbringen zu k\u00f6nnen.<\/p>\n<p>Detaillierte Angaben zu den einzelnen Datenverarbeitungsvorg\u00e4ngen bez\u00fcglich Ihrer personenbezogenen Daten entnehmen Sie bitte den nachfolgend den speziellen Verarbeitungshinweisen.<\/p>\n<h3>Allgemeine Hinweise zu Zweck und Rechtsgrundlage<\/h3>\n<p>Ist die Verarbeitung f\u00fcr die Erf\u00fcllung eines Vertrags, dessen Vertragspartei Sie sind, oder zur Durchf\u00fchrung vorvertraglicher Ma\u00dfnahmen erforderlich, die auf Ihre Anfrage erfolgen, kommt Art.\u00a06 Abs.\u00a01b DSGVO als Rechtsgrundlage zur Anwendung.<\/p>\n<p>Bei einer Verarbeitung personenbezogener Daten, welche zur Erf\u00fcllung einer uns betreffenden rechtlichen Verpflichtung erforderlich ist, dient Art.\u00a06 Abs.\u00a01c DSGVO als Rechtsgrundlage.<\/p>\n<p>Ist die Verarbeitung zur Wahrung eines berechtigten Interesses, welches uns oder einen Dritten betrifft, erforderlich und \u00fcberwiegen Ihre Interessen, Grundrechte und Grundfreiheiten dieses Interesse nicht, so kommt Art.\u00a06 Abs.\u00a01f DSGVO als Rechtsgrundlage zur Anwendung.<\/p>\n<p>F\u00fcr die Verarbeitung personenbezogener Daten, die auf Ihrer Einwilligung beruht, ist Art.\u00a06 Abs.\u00a01a DSGVO die Rechtsgrundlage.<\/p>\n<p>N\u00e4here Einzelheiten entnehmen Sie nachfolgend den speziellen Verarbeitungshinweisen.<\/p>\n<h3>Datenweitergabe<\/h3>\n<p>Im Rahmen der Webseitennutzung erfasste Daten werden zur Bereitstellung dieser Webseite und zu den vorgenannten Zwecken ggf. an uns unterst\u00fctzende technische Dienstleister (z.B. Webseitenbetreuung) weitergegeben. Diese wurden sorgf\u00e4ltig ausgew\u00e4hlt und den datenschutzrechtlichen Anforderungen entsprechend beauftragt. Diese Dienstleister sind uns weisungsgebunden und werden von uns regelm\u00e4\u00dfig kontrolliert.<\/p>\n<p>Eine Weitergabe von personenbezogenen Daten kann im \u00dcbrigen nach Art. 6 Abs. 1 S. 1 f DSGVO erfolgen, soweit sie zur Geltendmachung, Aus\u00fcbung oder Verteidigung von Rechtsanspr\u00fcchen erforderlich ist sowie wenn wir einer rechtliche Verpflichtung zur Weitergabe unterliegen (Art. 6 Abs. 1 S. 1<\/p>\n<h3>Ihre Rechte (Auskunft, Widerspruch, Berichtigung, Beschwerde etc.)<\/h3>\n<p>Sie haben bez\u00fcglich der bei uns zu Ihrer Person gespeicherten Daten folgende Rechte:<\/p>\n<ul>\n<li>nach Art. 15 DSGVO das Recht auf Auskunft \u00fcber diese Daten;<\/li>\n<li>nach Art. 16 DSGVO das Recht auf unverz\u00fcgliche Berichtigung unrichtiger Daten sowie auf Vervollst\u00e4ndigung unvollst\u00e4ndiger Daten zu Ihrer Person;<\/li>\n<li>nach Art. 17 DSGVO das Recht auf L\u00f6schung;<\/li>\n<li>nach Art. 18 DSGVO das Recht auf Einschr\u00e4nkung der der Verarbeitung;<\/li>\n<li>nach Art. 20 DSGVO das Recht auf Daten\u00fcbertragbarkeit;<\/li>\n<li>nach Art.\u00a077 DSGVO das Recht auf Beschwerde bei einer Aufsichtsbeh\u00f6rde;<\/li>\n<li>nach Art.\u00a07 Abs.\u00a03 DSGVO k\u00f6nnen Sie die eine erteilte Einwilligung in die Datenverarbeitung jederzeit widerrufen, ohne dass die Rechtm\u00e4\u00dfigkeit der aufgrund der Einwilligung bis zum Widerruf erfolgten Verarbeitung ber\u00fchrt wird.<\/li>\n<\/ul>\n<h3><span style=\"color: #ff0000;\">WIDERSPRUCHSRECHT NACH ART. 21 DSGVO<\/span><\/h3>\n<p><span style=\"color: #ff0000;\">Sie k\u00f6nnen Widerspruch, aus Gr\u00fcnden, die sich aus Ihrer besonderen Situation ergeben, jederzeit gegen die Verarbeitung Sie betreffender personenbezogener Daten, die aufgrund von Artikel 6 Abs. 1 e DSGVO (Datenverarbeitung im \u00f6ffentlichen Interesse) und Artikel 6 Abs. 1 f DSGVO (Datenverarbeitung auf der Grundlage einer Interessenabw\u00e4gung) erfolgt, einlegen; dies gilt auch f\u00fcr ein auf diese Bestimmung gest\u00fctztes Profiling im Sinne von Artikel 4 Abs. 4 DSGVO. Legen Sie Widerspruch ein, werden wir Ihre personenbezogenen Daten nicht mehr verarbeiten, es sei denn, wir k\u00f6nnen zwingende schutzw\u00fcrdige Gr\u00fcnde f\u00fcr die Verarbeitung nachweisen, die Ihre Interessen, Rechte und Freiheiten \u00fcberwiegen, oder die Verarbeitung dient der Geltendmachung, Aus\u00fcbung oder Verteidigung von Rechtsanspr\u00fcchen.<\/span><\/p>\n<p><span style=\"color: #ff0000;\">DER WIDERSPRUCH KANN FORMFREI ERFOLGEN.<\/span><\/p>\n<p>N\u00e4here Einzelheiten entnehmen sie bitte den benannten Vorschriften der DSGVO.<\/p>\n<h3>Datenschutz bei Webseitennutzung<\/h3>\n<p><strong>Server-Log-Files<\/strong><br \/>\nBei Nutzung der Webseite werden an den Server, auf welchem sich diese Webseite befindet, \u00fcber Ihren Browser folgende Informationen automatisch \u00fcbermittelt (soweit Ihr Browser diese bereitstellt) und in so genannten \u201eServer-Logfiles\u201c tempor\u00e4r gespeichert:<\/p>\n<ul>\n<li>Datum und Uhrzeit des Abrufs<\/li>\n<li>Browsertyp\/ Browserversion<\/li>\n<li>verwendetes Betriebssystem<\/li>\n<li>Referrer URL<\/li>\n<li>Name der angeforderten Datei<\/li>\n<li>Dateinamen, von der aus die Datei angefordert wurde,<\/li>\n<li>Hostname des zugreifenden Rechners<\/li>\n<li>Menge der gesendeten Daten in Byte<\/li>\n<li>Zugriffsstatus (Datei \u00fcbertragen, Datei nicht gefunden etc.)<\/li>\n<li>Ladezeiten<\/li>\n<li>zuletzt besuchte Webseite<\/li>\n<li>Verwendete IP-Adresse in anonymisierter Form, verk\u00fcrzt auf 1 Bit (192.xxx.xxx.xxx)<\/li>\n<\/ul>\n<p>Diese Daten k\u00f6nnen durch uns nicht bestimmten Personen zugeordnet werden. Eine Zusammenf\u00fchrung dieser Daten mit anderen Datenquellen wird nicht vorgenommen.<\/p>\n<p>Die Speicherung und Verarbeitung erfolgt auf Grund unserer berechtigten Interessen (Art.6 Abs.1 f DSGVO) in anonymisierter Form, um die Nutzung der Webseite zu erm\u00f6glichen sowie zu statistischen Zwecken und zur Gew\u00e4hrleistung\u00a0 der Funktionalit\u00e4t und Stabilit\u00e4t der Webseite. Eine Weitergabe oder Zusammenf\u00fchrung dieser Daten mit anderen Datenquellen wird nicht vorgenommen. Im Fall eines Verdachts der rechtswidrigen Nutzung der Webseite k\u00f6nnen diese Daten jedoch gepr\u00fcft werden.<\/p>\n<p><strong>Einsatz von Cookies<br \/>\n<\/strong>Wir setzen auf unserer Webseite Cookies ein.<\/p>\n<p>Allgemeine Informationen zu Cookies: Cookies sind kleine Textdateien, die von einem Webserver auf dem Endger\u00e4t (z.B. Computer, Tablet, Smartphone) des Nutzers gespeichert werden. Mit Hilfe dieser Textdateien ist es m\u00f6glich, das Nutzerverhalten beim Besuch der Website zu analysieren und z.B. f\u00fcr gezielte Produktempfehlungen und interessenbasierte Werbung zu nutzen. Diese Informationen beinhalten beispielsweise: Browsertyp\/ -version, Betriebssystem, Referrer URL (Quelle eines Links), IP-Adresse (Hostname des benutzten Rechners, ggf. zur Anonymisierung gek\u00fcrzt), Uhrzeit der Serveranfrage, Verweildauer auf der Webseite, besuchte Seite.<\/p>\n<p>Session-Cookies (= Sitzungs-Cookies) haben lediglich ein begrenztes Haltbarkeitsdatum und werden nach Beenden nach Schlie\u00dfen des Browsers automatisch gel\u00f6scht. Persistente Cookies (=permanente Cookies) dagegen werden auf dem Endger\u00e4t, welches die Webseite aufruft, gespeichert und erm\u00f6glichen es, den betreffenden Browser beim n\u00e4chsten Besuch der Webseite wiederzuerkennen (sog. persistente Cookies). Ein Cookie kann dabei an die aufgerufene Webseite (sog. \u201eFirst Party Cookie\u201c) oder an eine andere Webseite (sog. \u201eThird Party Cookie\u201c) zur\u00fcckgesandt werden.<\/p>\n<p>Verwendete Arten: Auf unserer Webseite kommen generell f\u00fcr den Betrieb und der Webseite erforderliche Session-Cookies und persistent Cookies zum Einsatz. Diese dienen dazu, angebotene Funktionalit\u00e4ten (z.B. Warenkorbfunktion, Sprachauswahl) sicherzustellen, den Datenverkehr und\u00a0 die spezielle Nutzung unserer Website zu messen und auch Fehler festzustellen. Es kommen zum Einsatz:<\/p>\n<ul>\n<li>Sitzungscookie mit PHPSessID,<\/li>\n<li>Persistant Cookie, 1 Jahr (G\u00fcltigkeit), f\u00fcr Mamoto-Tracking<\/li>\n<li>Cookie-notice-accepted, 1 Monat (G\u00fcltigkeit)<\/li>\n<\/ul>\n<p>Soweit Cookies i.R.v. speziellen Webtools (insb. Analysetools, Tracking) zum Einsatz kommen, informieren wir Sie\u00a0 im Rahmen dieser Datenschutzerkl\u00e4rung unter einem gesonderten Abschnitt.<\/p>\n<p>Nutzung mit\/ohne Cookie: Sie k\u00f6nnen Ihren Browser so konfigurieren, dass Sie \u00fcber das Setzen von Cookies informiert werden und dann entscheiden, ob Sie die Cookies akzeptieren oder Sie k\u00f6nnen die Speicherung von Cookies \u00fcber die entsprechende Browsereinstellung g\u00e4nzlich verhindert wird. Dies kann jedoch zu Funktionsbeeintr\u00e4chtigungen und -einschr\u00e4nkungen bei der Nutzung unserer Website f\u00fchren. F\u00fcr die entsprechenden Browsereinstellungen informieren Sie sich bitte im jeweiligen Hilfemen\u00fc des von Ihnen verwendete Browsers.<\/p>\n<p>Bitte beachten Sie, dass bei Nichtannahme von Cookies die Funktionalit\u00e4t unserer Website eingeschr\u00e4nkt sein kann.<\/p>\n<p>Des Weiteren besteht die M\u00f6glichkeit, spezielle Programme oder Internetdienste zum anonymen Surfen zu nutzen.<\/p>\n<p>Zweck und Rechtsgrundlage des Cookie-Einsatzes: Die Cookies werden eingesetzt, um permanent die Nutzbarkeit der Webseite zu verbessern und auf das Webangebot im Rahmen der Nutzerinteressen zu optimieren. Mittels technisch notwendiger Cookies wird die Nutzung vereinfacht und k\u00f6nnen bestimmte Funktionalit\u00e4ten angeboten werden, insb. solche bei denen es notwendig ist, dass der Browser auch nach einem Seitenwechsel wiedererkannt wird (Beispiele:\u00a0 Spracheinstellungen, Merken von Suchbegriffen). Durch den Einsatz der Analyse-Cookies m\u00f6glich, die Webseitennutzung nachzuvollziehen und somit die Handhabung stetig zu optimieren und Nutzungsproblemen zu begegnen. Die \u00fcber die Cookies gewonnenen Daten sind hierbei ein erforderliches Hilfsmittel.<\/p>\n<p>Insoweit besteht auf unserer Seite ein \u00fcberwiegendes berechtigtes Interesse gem\u00e4\u00df Art. 6 Abs. 1 f DSG. Ihnen bleibt es demgegen\u00fcber unbelassen wie zuvor dargestellt, die Webseite durch entsprechende Ma\u00dfnahmen auch anonym zu nutzen bzw. die Cookie-Speicherung zu verhindern, wodurch jedoch die Funktionalit\u00e4t der Webseite eingeschr\u00e4nkt sein kann.<\/p>\n<p>Soweit wir Cookies zur Durchf\u00fchrung eines mit Ihnen geschlossenen Vertrages (z.B. Bei Warenbestellung) oder zur Durchf\u00fchrung vorvertraglicher Ma\u00dfnahmen, die auf Ihre Anfrage erfolgen, einsetzen, ist Rechtsgrundlage f\u00fcr die Nutzung Art. 6 Abs. 1 b DSGVO.<\/p>\n<p>F\u00fcr den Einsatz spezieller Cookies ist ggf. Ihre Einwilligung, welche wir an entsprechender Stelle von Ihnen einholen werden.<\/p>\n<p><strong>Nutzung von\u00a0Matomo zu Analysezwecken<\/strong><br \/>\nAuf dieser Website kommt das Open-Source Web-Analyse-Tool Matomo (ehem. Piwi) zum Einsatz (https:\/\/matomo.org\/). Anbieter ist InnoCraft Ltd., 150 Willis St, 6011 Wellington, Neuseeland, (\u201eMatomo\u201c).<\/p>\n<p>Mittels Matomo werden Daten zu Marketing- und Optimierungszwecken gesammelt und gespeichert. Aus diesen Daten k\u00f6nnen unter einem pseudonymisierten Nutzungsprofil erstellt und ausgewertet werden. Hierzu k\u00f6nnen Cookies eingesetzt werden. Dabei kommen Cookies zum Einsatz, um Ihren verwendeten Browser bei Webseitenbesuch wiederzuerkennen. (Allg. Informationen zu Cookies finden Sie unter Abschnitt I dieser Datenschutzerkl\u00e4rung). Die mit der Matomo-Technologie erhobenen Daten (einschlie\u00dflich Ihrer pseudonymisierten IP-Adresse) werden auf unseren Servern verarbeitet. Durch die Pseudonymisierung der Daten erfolgt keine Erstellung eines personenbezogenen Profils oder eine Verkn\u00fcpfung mit personenbezogenen Daten.<\/p>\n<p>Die Erfassung durch Matomo kann (insb. bei Browsern auf mobilen Ger\u00e4ten) auch verhindert werden, indem Sie folgenden Link aktivieren. Dadurch wird ein Opt-Out-Cookie gesetzt, das die zuk\u00fcnftige Erfassung Ihrer Daten bei Nutzung dieser Website verhindert:<\/p>\n<div class=\"BorlabsCookie _brlbs-cb-default\"><div class=\"_brlbs-content-blocker\"> <div class=\"_brlbs-default\"> <p>Klicken Sie auf den unteren Button, um den Inhalt von kiwip.ad-konzept.immo zu laden.<\/p> <p><a class=\"_brlbs-btn\" href=\"#\" data-borlabs-cookie-unblock role=\"button\">Inhalt laden<\/a><\/p> <\/div> <\/div><div class=\"borlabs-hide\" data-borlabs-cookie-type=\"content-blocker\" data-borlabs-cookie-id=\"default\"><script type=\"text\/template\">PHA+PGlmcmFtZSBsb2FkaW5nPSJsYXp5IiBzdHlsZT0iYm9yZGVyOiAwOyBoZWlnaHQ6IDIwMHB4OyB3aWR0aDogNjAwcHg7IiBzcmM9Imh0dHBzOi8va2l3aXAuYWQta29uemVwdC5pbW1vL2luZGV4LnBocD9tb2R1bGU9Q29yZUFkbWluSG9tZSZhbXA7YWN0aW9uPW9wdE91dCZhbXA7bGFuZ3VhZ2U9ZGUiIHdpZHRoPSIzMDAiIGhlaWdodD0iMTUwIiBkYXRhLW1jZS1mcmFnbWVudD0iMSI+PC9pZnJhbWU+PC9wPg==<\/script><\/div><\/div>\n<p>Hinweis: Das Opt-Out-Cookie funktioniert nur in dem von ihnen aktuell genutzten Browser und f\u00fcr unsere Webseite. Falls Sie Cookies in Ihrem Browser l\u00f6schen, muss das Opt-Out-Cookie beim n\u00e4chsten Besucher wieder aktiviert werden.<\/p>\n<p>Im \u00dcbrige k\u00f6nnen Ihren Browser so konfigurieren, dass Sie \u00fcber das Setzen von Cookies informiert werden und dann entscheiden, ob Sie die Cookies akzeptieren oder Sie k\u00f6nnen die Speicherung von Cookies \u00fcber die entsprechende Browsereinstellung g\u00e4nzlich verhindert wird. F\u00fcr die entsprechende Browsereinstellung informieren Sie sich bitte im jeweiligen Hilfemen\u00fc des von Ihnen verwendete Browsers.<\/p>\n<p>Bitte beachten Sie, dass bei Nichtannahme von Cookies die Funktionalit\u00e4t unserer Website eingeschr\u00e4nkt sein kann.<\/p>\n<p>Des Weiteren besteht die M\u00f6glichkeit, spezielle Programme oder Internetdienste zum anonymen Surfen zu nutzen.<\/p>\n<p>N\u00e4here Informationen finden Sie unter folgendem Link:<\/p>\n<div class=\"BorlabsCookie _brlbs-cb-default\">\n<div class=\"_brlbs-content-blocker\">\n<div class=\"_brlbs-default\">\n<p>Klicken Sie auf den unteren Button, um den Inhalt von matomo.org zu laden.<\/p>\n<p><a class=\"_brlbs-btn\" href=\"#\" data-borlabs-cookie-unblock role=\"button\">Inhalt laden<\/a><\/p>\n<\/p><\/div><\/div>\n<div class=\"borlabs-hide\" data-borlabs-cookie-type=\"content-blocker\" data-borlabs-cookie-id=\"default\"><script type=\"text\/template\">PGJsb2NrcXVvdGUgY2xhc3M9IndwLWVtYmVkZGVkLWNvbnRlbnQiIGRhdGEtc2VjcmV0PSJrRW1ZQmJ5TmI2Ij48YSBocmVmPSJodHRwczovL21hdG9tby5vcmcvcHJpdmFjeS8iPldlYiBBbmFseXRpY3MgUHJpdmFjeSBpbiBNYXRvbW88L2E+PC9ibG9ja3F1b3RlPjxpZnJhbWUgY2xhc3M9IndwLWVtYmVkZGVkLWNvbnRlbnQiIHNhbmRib3g9ImFsbG93LXNjcmlwdHMiIHNlY3VyaXR5PSJyZXN0cmljdGVkIiBzdHlsZT0icG9zaXRpb246IGFic29sdXRlOyB2aXNpYmlsaXR5OiBoaWRkZW47IiB0aXRsZT0iJiM4MjIwO1dlYiBBbmFseXRpY3MgUHJpdmFjeSBpbiBNYXRvbW8mIzgyMjE7ICYjODIxMjsgQW5hbHl0aWNzIFBsYXRmb3JtIC0gTWF0b21vIiBzcmM9Imh0dHBzOi8vbWF0b21vLm9yZy9wcml2YWN5L2VtYmVkLyM\/c2VjcmV0PXN4WWtiZzd0NzYjP3NlY3JldD1rRW1ZQmJ5TmI2IiBkYXRhLXNlY3JldD0ia0VtWUJieU5iNiIgd2lkdGg9IjYwMCIgaGVpZ2h0PSIzMzgiIGZyYW1lYm9yZGVyPSIwIiBtYXJnaW53aWR0aD0iMCIgbWFyZ2luaGVpZ2h0PSIwIiBzY3JvbGxpbmc9Im5vIj48L2lmcmFtZT4=<\/script><\/div>\n<\/div>\n<h3>Rechtsgrundlage<\/h3>\n<p>Rechtsgrundlage f\u00fcr die Verarbeitung ist Art. 6 Abs. 1 lit. f DSGVO. Wir haben ein \u00fcberwiegendes berechtigtes Interesse an der statistischen Analyse zur Optimierung, Bewerbung und Bewirtschaftung unserer Webseite. Durch die Pseudonymisierung werden Ihre Interessen gewahrt und keine personenbezogenen Daten verarbeitet.<\/p>\n<h3>Anonyme Nutzung<\/h3>\n<p>Um die Webseite ohne Erfassung und Weiterleitung Ihrer Daten zu nutzen, k\u00f6nnen Sie neben der M\u00f6glichkeit Cookies zu deaktivieren, diese \u00fcber einen Anonymisierungsdienst\u00a0 aufrufen oder ein sog. Do-not-track-Hilfsmittel (z.B. http:\/\/donottrack.us\/) oder geeignete Add-Ons f\u00fcr Ihren Browser (z.B. http:\/\/noscript.net\/), insbesondere zum Blockieren von Plugins, einsetzen.<\/p>\n<h3>Kontaktformular und E-Mail-Kommunikation<\/h3>\n<p>Wir erheben \u00fcber unser Kontaktformular die zum Zweck der Beantwortung Ihrer Anfrage erforderlichen Daten. Diese Daten werden von uns gespeichert und ausschlie\u00dflich zur Beantwortung Ihrer Kontaktanfragen samt der damit einhergehen technischen Administration verwendet. Eine gesetzliche oder vertragliche Pflicht zur Nutzung zur Angabe der Daten besteht zwar nicht, jedoch k\u00f6nnen wir ohne diese Daten Ihr Anliegen mangels Identifikation nicht bearbeiten. Dies gilt auch f\u00fcr Ihre E-Mail-Anfragen. (Bitte beachten Sie, dass bei Kommunikation mittels unverschl\u00fcsselter E-Mails die unbefugte Kenntnisnahme durch Dritte nicht ausgeschlossen werden kann.)<\/p>\n<p>Es werden folgende zur Beantwortung erforderlichen Daten abgefragt:<\/p>\n<p>Kontaktanfrage von Interessenten der Parkraumbewirtschaftung:<br \/>\n&#8211;\u00a0\u00a0 Vorname * Nachname * E-Mail Adresse *<\/p>\n<p>Kontaktanfrage von Interessenten an Dauerstellplatz:<br \/>\n&#8211;\u00a0\u00a0 Vorname * Nachname * E-Mail Adresse *<\/p>\n<p>Kontaktanfrage bei Parkplatzverst\u00f6\u00dfen:<br \/>\n&#8211;\u00a0\u00a0 Vorname * Nachname * E-Mail Adresse *Stadt * Datum der Vertragsstrafe * Aktenzeichen * Kennzeichen * ggf. Name des Fahrers<\/p>\n<p>Rechtsgrundlage f\u00fcr die Datenverarbeitung ihrer Kontaktanfragen ist Art. 6 Abs. 1 S. 1 f DSGVO, da wir auf Grund Ihrer Anfrage ein berechtigtes Interesse an deren Beantwortung haben.<\/p>\n<p>Sollte eine Vertragserkl\u00e4rung Gegenstand der Kontaktaufnahme sein (z.B. Bei Anfragen von Interessenten an der Parkraumbewirtschaftung oder Anmietung eines Stellplatzes) oder diese im Rahmen eines bestehenden Vertragsverh\u00e4ltnisses erfolgen (Anfrage eines Fahrers bzgl. eines Parkversto\u00dfes), ist Rechtsgrundlage Art. 6 Abs. 1 S. 1 b DSGVO.<\/p>\n<h3>Speicherdauer\/L\u00f6schung:<\/h3>\n<p>Wir speichern personenbezogene Daten,<\/p>\n<ul>\n<li>die allg. Anfragen betreffen, solange bis wir davon ausgehen k\u00f6nnen, dass sich der Grund Ihrer Anfrage erledigt hat und keine entgegenstehenden gesetzliche Aufbewahrungsfristen, die wir zu beachten haben, bestehen.<\/li>\n<li>die ein mit Ihnen bestehendes Vertragsverh\u00e4ltnis oder die Durchf\u00fchrung vorvertraglicher Ma\u00dfnahmen betreffen, solange diese Nutzung erforderlich ist (Rechtsgrundlage: Art. 6 Abs. 1 S. 1 c DSGVO),<\/li>\n<li>Im \u00dcbrigen bis zum Ablauf von uns einzuhaltender steuer- und handelsrechtlichen Aufbewahrungsfristen (Rechtsgrundlage: Art. 6 Abs. 1 S. 1 c DSGVO). Die Fristen nach Handelsgesetzbuch und Abgabenordnung zur Aufbewahrung bzw. Dokumentation betragen zwischen 6 bis zehn Jahre f\u00fcr Daten im Rahmen von Vertragsverh\u00e4ltnissen.<\/li>\n<\/ul>\n<p>Anschlie\u00dfend l\u00f6schen wir die Daten, es sei denn, Sie haben in die Weiterverwendung ausdr\u00fccklich eingewilligt (Rechtsgrundlage: Art. 6 Abs. 1 S. 1 a DSGVO).<\/p>\n<p>Mit der Verwendung und Absendung des Kontaktformulars geben Sie Ihrer Einwilligung zur Datenverarbeitung (Art. 6 Abs. 1 lit. a DSGVO). Die Einwilligung kann jederzeit formlos (z.B. per E-Mail) widerrufen werden.<\/p>\n<p>Wir l\u00f6schen die Daten, sobald Sie Ihre Einwilligung zur Speicherung widerrufen haben oder der Zweck f\u00fcr die Datenspeicherung entf\u00e4llt. Zwingende gesetzliche Bestimmungen \u2013 insbesondere Aufbewahrungsfristen \u2013 bleiben unber\u00fchrt.<\/p>\n<h3>Externe Links<\/h3>\n<p>Soweit sich auf unserer Website Links zu Webpr\u00e4senzen von Dritten finden, unterliegt die Einhaltung des Datenschutzes auf diesen Websites nicht unserem Einfluss- und Verantwortungsbereich. Bitte informieren Sie sich daher direkt auf den verlinkten Websites \u00fcber die Datenschutzbestimmungen.[\/vc_column_text][\/vc_column][\/vc_row]\n<\/section>","protected":false},"excerpt":{"rendered":"<p>[vc_row thb_full_width=&#8220;true&#8220; thb_row_padding=&#8220;true&#8220; thb_column_padding=&#8220;true&#8220; thb_divider_position=&#8220;bottom&#8220;][vc_column][\/vc_column][\/vc_row][vc_row thb_divider_position=&#8220;bottom&#8220;][vc_column][vc_text_separator title=&#8220;Datenschutzerkl\u00e4rung&#8220; color=&#8220;blue&#8220; border_width=&#8220;2&#8243; el_class=&#8220;trennline&#8220;][vc_column_text]Datenschutzerkl\u00e4rung f\u00fcr Parkplatznutzer Die Datenschutzhinweise f\u00fcr Parkplatznutzer finden Sie hier. Datenschutzerkl\u00e4rung f\u00fcr Webseitenbesucher Datenschutzerkl\u00e4rung zur Nutzung der Webseite parkraum.de Nachfolgend informieren wir Sie \u00fcber die Verarbeitung Ihrer personenbezogenen Daten, die anl\u00e4sslich der Nutzung der Webseite und zu deren Zweck erfolgt. Name und die Kontaktdaten des Verantwortlichen&hellip;<\/p>\n","protected":false},"author":6,"featured_media":0,"parent":0,"menu_order":0,"comment_status":"closed","ping_status":"closed","template":"","meta":{"_acf_changed":false,"footnotes":""},"class_list":["post-431","page","type-page","status-publish","hentry"],"acf":[],"_links":{"self":[{"href":"https:\/\/parkraum.de\/2024\/wp-json\/wp\/v2\/pages\/431"}],"collection":[{"href":"https:\/\/parkraum.de\/2024\/wp-json\/wp\/v2\/pages"}],"about":[{"href":"https:\/\/parkraum.de\/2024\/wp-json\/wp\/v2\/types\/page"}],"author":[{"embeddable":true,"href":"https:\/\/parkraum.de\/2024\/wp-json\/wp\/v2\/users\/6"}],"replies":[{"embeddable":true,"href":"https:\/\/parkraum.de\/2024\/wp-json\/wp\/v2\/comments?post=431"}],"version-history":[{"count":16,"href":"https:\/\/parkraum.de\/2024\/wp-json\/wp\/v2\/pages\/431\/revisions"}],"predecessor-version":[{"id":5681,"href":"https:\/\/parkraum.de\/2024\/wp-json\/wp\/v2\/pages\/431\/revisions\/5681"}],"wp:attachment":[{"href":"https:\/\/parkraum.de\/2024\/wp-json\/wp\/v2\/media?parent=431"}],"curies":[{"name":"wp","href":"https:\/\/api.w.org\/{rel}","templated":true}]}}