{"id":406,"date":"2018-02-26T14:03:07","date_gmt":"2018-02-26T13:03:07","guid":{"rendered":"https:\/\/parkraum.de\/2024\/?page_id=406"},"modified":"2019-09-24T15:32:58","modified_gmt":"2019-09-24T13:32:58","slug":"smart","status":"publish","type":"page","link":"https:\/\/parkraum.de\/2024\/smart\/","title":{"rendered":"Smart Parking"},"content":{"rendered":"<section class=\"wpb-content-wrapper\">[vc_row thb_full_width=&#8220;true&#8220; thb_row_padding=&#8220;true&#8220; thb_column_padding=&#8220;true&#8220;][vc_column]\t<div id=\"thb-image-69ed1037a87e8\" class=\"caption-style1  alignleft full  thb_image_link wp-caption\">\n\t\t\t<div class=\"thb-image-inner size_100\">\n\t\t\t<img loading=\"lazy\" decoding=\"async\" width=\"1000\" height=\"250\" src=\"https:\/\/parkraum.de\/2024\/wp-content\/uploads\/2017\/09\/slider3.jpg\" class=\"thb_image   thb-ignore-lazyload attachment-full thb-lazyload lazyload\" alt=\"\" title=\"slider3\" sizes=\"(max-width: 1000px) 100vw, 1000px\" data-src=\"https:\/\/parkraum.de\/2024\/wp-content\/uploads\/2017\/09\/slider3.jpg\" data-sizes=\"auto\" data-srcset=\"https:\/\/parkraum.de\/2024\/wp-content\/uploads\/2017\/09\/slider3.jpg 1000w, https:\/\/parkraum.de\/2024\/wp-content\/uploads\/2017\/09\/slider3-768x192.jpg 768w, https:\/\/parkraum.de\/2024\/wp-content\/uploads\/2017\/09\/slider3-600x150.jpg 600w\" \/>\n\t\t<\/div>\n\t\t\t\t\t<\/div>\n\t[\/vc_column][\/vc_row][vc_row][vc_column][vc_text_separator title=&#8220;DIGITALES PARKEN&#8220; color=&#8220;blue&#8220; border_width=&#8220;2&#8243; el_class=&#8220;trennline&#8220;][vc_text_separator title=&#8220;DIE ZUKUNFT BEGINNT JETZT!&#8220; color=&#8220;blue&#8220; border_width=&#8220;2&#8243; el_class=&#8220;trennline&#8220;][\/vc_column][\/vc_row][vc_row][vc_column width=&#8220;1\/6&#8243;][\/vc_column][vc_column width=&#8220;2\/3&#8243;][vc_column_text el_class=&#8220;uxi&#8220;]\n<div style=\"width: 640px;\" class=\"wp-video\"><!--[if lt IE 9]><script>document.createElement('video');<\/script><![endif]-->\n<video class=\"wp-video-shortcode\" id=\"video-406-1\" width=\"640\" height=\"360\" autoplay=\"1\" preload=\"metadata\" controls=\"controls\"><source type=\"video\/mp4\" src=\"https:\/\/parkraum.de\/2024\/wp-content\/uploads\/2019\/09\/Sequenz05.mp4?_=1\" \/><a href=\"https:\/\/parkraum.de\/2024\/wp-content\/uploads\/2019\/09\/Sequenz05.mp4\">https:\/\/parkraum.de\/2024\/wp-content\/uploads\/2019\/09\/Sequenz05.mp4<\/a><\/video><\/div>\n[\/vc_column_text][\/vc_column][vc_column width=&#8220;1\/6&#8243;][\/vc_column][\/vc_row][vc_row][vc_column][vc_column_text]\n<div class=\"page\" title=\"Page 2\">\n<div class=\"section\">\n<div class=\"layoutArea\">\n<div class=\"column\">\n<p>K+S ist Vorreiter beim digitalen Parkraum-Management. Eine funku\u0308berwachte Sensorik erfasst und u\u0308bermittelt die Parkdauer auf den Parkpla\u0308tzen automatisch an den Innendienst von K+S, so dass die Mitarbeiterinnen und Mitarbeiter jederzeit U\u0308berblick u\u0308ber die Nutzungsdauer haben. Somit ko\u0308nnen Kontrollen zielgerichtet erfolgen sowie missbra\u0308uchliche Nutzung dokumentiert und eindeutig nachgewiesen werden. Dank Batteriebetrieb arbeiten die \u201edigitalen Parkwa\u0308chter\u201c energieautark. Zudem lassen sie sich einfach und ohne den Untergrund zu bescha\u0308digen aufbringen bzw. wieder entfernen. Perspektivisch ist eine Verknu\u0308pfung mit entsprechenden Handy-Apps mo\u0308glich, die den Nutzern zum Beispiel das Auffinden von freien Parkpla\u0308tzen ermo\u0308glichen kann.<\/p>\n<\/div>\n<\/div>\n<\/div>\n<\/div>\n[\/vc_column_text][vc_empty_space height=&#8220;55px&#8220;][\/vc_column][\/vc_row][vc_row][vc_column][vc_text_separator title=&#8220;Smart Parking \u2013 so parkt man heute!&#8220; color=&#8220;blue&#8220; border_width=&#8220;2&#8243; el_class=&#8220;trennline&#8220;][\/vc_column][\/vc_row][vc_row][vc_column][vc_cta h2=&#8220;&#8220; shape=&#8220;square&#8220; color=&#8220;grey&#8220; el_class=&#8220;typo-dkblau&#8220;]\n<h2>Unsere Technik \u2013 Ihr Vorteil:<\/h2>\n<p>Mit dem Smart Parking System von K+S geh\u00f6rt die Parkscheibe der Vergangenheit an! Sie wird nicht mehr ben\u00f6tigt, da die Daten des Sensors zur Berechnung von Start- und Endzeit beim Parken ausgelesen werden.[\/vc_cta][\/vc_column][\/vc_row][vc_row][vc_column][vc_column_text]Wir nutzen ein Sensorsystem, das den Belegungsstatus eines Parkplatzes erkennt. Dieses kann sowohl auf dem Boden eines Parkplatzes, als auch vor oder seitlich von Parkpl\u00e4tzen installiert werden. Die Echtzeitinformation kann dann \u00fcber die von uns genutzte Software abgerufen werden.<\/p>\n<p>Unser System hilft Autofahrern, leicht und einfach freie Parkpl\u00e4tze zu lokalisieren. Dadurch werden bis zu 30 Prozent des innerst\u00e4dtischen Verkehrsaufkommens, das durch die Parkplatzsuche verursacht wird, vermieden. Au\u00dferdem tr\u00e4gt unsere Technologie dazu bei, die Freihaltung kritischer Bereiche, wie beispielsweise Feuerwehrzufahrten, zu gew\u00e4hrleisten und Dauerparker, wie auf Supermarktparkpl\u00e4tzen, zu lokalisieren.<\/p>\n<p>Unser System \u00fcberzeugt durch Zuverl\u00e4ssigkeit mittels eines witterungsbest\u00e4ndigen und g\u00fcnstigen Sensors, einfacher Montage und zuverl\u00e4ssiger Kontrolle.[\/vc_column_text]\t<div id=\"thb-image-69ed1037a8ca0\" class=\"caption-style1  right full  thb_image_link wp-caption\">\n\t\t\t<a class=\"mfp-image\" href=\"https:\/\/parkraum.de\/2024\/wp-content\/uploads\/2018\/01\/artikel-zeitung.jpg\" target=\"\" title=\"artikel-zeitung\" data-thb-group=\"\">\n\t\t\t<div class=\"thb-image-inner size_100\">\n\t\t\t<img loading=\"lazy\" decoding=\"async\" width=\"768\" height=\"565\" src=\"https:\/\/parkraum.de\/2024\/wp-content\/uploads\/2018\/01\/artikel-zeitung.jpg\" class=\"thb_image   thb-ignore-lazyload attachment-full thb-lazyload lazyload\" alt=\"\" title=\"artikel-zeitung\" sizes=\"(max-width: 768px) 100vw, 768px\" data-src=\"https:\/\/parkraum.de\/2024\/wp-content\/uploads\/2018\/01\/artikel-zeitung.jpg\" data-sizes=\"auto\" data-srcset=\"https:\/\/parkraum.de\/2024\/wp-content\/uploads\/2018\/01\/artikel-zeitung.jpg 768w, https:\/\/parkraum.de\/2024\/wp-content\/uploads\/2018\/01\/artikel-zeitung-600x441.jpg 600w\" \/>\n\t\t<\/div>\n\t\t\t<\/a>\n\t\t\t\t\t<\/div>\n\t[\/vc_column][\/vc_row][vc_row css=&#8220;.vc_custom_1519986828433{margin-top: 40px !important;}&#8220;][vc_column][vc_text_separator title=&#8220;Nehmen Sie Kontakt auf!&#8220; color=&#8220;blue&#8220; border_width=&#8220;2&#8243; el_class=&#8220;trennline&#8220;][\/vc_column][\/vc_row][vc_row][vc_column][vc_column_text]\n<div class=\"caldera-grid\" id=\"caldera_form_1\" data-cf-ver=\"1.9.6\" data-cf-form-id=\"CF59ccd3586f53c\"><div id=\"caldera_notices_1\" data-spinner=\"https:\/\/parkraum.de\/2024\/wp-admin\/images\/spinner.gif\"><\/div><form data-instance=\"1\" class=\"CF59ccd3586f53c caldera_forms_form cfajax-trigger\" method=\"POST\" enctype=\"multipart\/form-data\" id=\"CF59ccd3586f53c_1\" data-form-id=\"CF59ccd3586f53c\" aria-label=\"Bewirtschaftung\" data-target=\"#caldera_notices_1\" data-template=\"#cfajax_CF59ccd3586f53c-tmpl\" data-cfajax=\"CF59ccd3586f53c\" data-load-element=\"_parent\" data-load-class=\"cf_processing\" data-post-disable=\"0\" data-action=\"cf_process_ajax_submit\" data-request=\"https:\/\/parkraum.de\/2024\/cf-api\/CF59ccd3586f53c\" data-hiderows=\"true\">\r\n<input type=\"hidden\" id=\"_cf_verify_CF59ccd3586f53c\" name=\"_cf_verify\" value=\"83647c2ab0\"  data-nonce-time=\"1777143863\" \/><input type=\"hidden\" name=\"_wp_http_referer\" value=\"\/2024\/wp-json\/wp\/v2\/pages\/406\" \/><div id=\"cf2-CF59ccd3586f53c_1\"><\/div><input type=\"hidden\" name=\"_cf_frm_id\" value=\"CF59ccd3586f53c\">\r\n<input type=\"hidden\" name=\"_cf_frm_ct\" value=\"1\">\r\n<input type=\"hidden\" name=\"cfajax\" value=\"CF59ccd3586f53c\">\r\n<input type=\"hidden\" name=\"_cf_cr_pst\" value=\"406\">\r\n<div class=\"hide\" style=\"display:none; overflow:hidden;height:0;width:0;\">\r\n<label>Company<\/label><input type=\"text\" name=\"company\" value=\"\" autocomplete=\"off\">\r\n<\/div><div id=\"CF59ccd3586f53c_1-row-1\"  class=\"row  single\"><div  class=\"col-sm-6  first_col\"><div data-field-wrapper=\"fld_3688899\" class=\"form-group\" id=\"fld_3688899_1-wrap\">\r\n\t<label id=\"fld_3688899Label\" for=\"fld_3688899_1\" class=\"control-label\">Name <span aria-hidden=\"true\" role=\"presentation\" class=\"field_required\" style=\"color:#ee0000;\">*<\/span><\/label>\r\n\t<div class=\"\">\r\n\t\t<input   required type=\"text\" data-field=\"fld_3688899\" class=\" form-control\" id=\"fld_3688899_1\" name=\"fld_3688899\" value=\"\" data-type=\"text\" aria-required=\"true\"   aria-labelledby=\"fld_3688899Label\" >\t\t\t<\/div>\r\n<\/div>\r\n<div data-field-wrapper=\"fld_6829296\" class=\"form-group\" id=\"fld_6829296_1-wrap\">\r\n\t<label id=\"fld_6829296Label\" for=\"fld_6829296_1\" class=\"control-label\">Telefon<\/label>\r\n\t<div class=\"\">\r\n\t\t<input    type=\"text\" data-field=\"fld_6829296\" class=\" form-control\" id=\"fld_6829296_1\" name=\"fld_6829296\" value=\"\" data-type=\"text\"   aria-labelledby=\"fld_6829296Label\" >\t\t\t<\/div>\r\n<\/div>\r\n<div data-field-wrapper=\"fld_6830845\" class=\"form-group\" id=\"fld_6830845_1-wrap\">\r\n\t<label id=\"fld_6830845Label\" for=\"fld_6830845_1\" class=\"control-label\">E-Mail Adresse <span aria-hidden=\"true\" role=\"presentation\" class=\"field_required\" style=\"color:#ee0000;\">*<\/span><\/label>\r\n\t<div class=\"\">\r\n\t\t<input   required type=\"email\" data-field=\"fld_6830845\" class=\" form-control\" id=\"fld_6830845_1\" name=\"fld_6830845\" value=\"\" data-type=\"email\" aria-required=\"true\"   aria-labelledby=\"fld_6830845Label\" >\t\t\t<\/div>\r\n<\/div>\r\n<\/div><div  class=\"col-sm-6  last_col\">\n<div data-field-wrapper=\"fld_2069457\" class=\"form-group\" id=\"fld_2069457_1-wrap\">\r\n\t<label id=\"fld_2069457Label\" for=\"fld_2069457_1\" class=\"control-label\">Ab wann soll bewirtschaftet werden<\/label>\r\n\t<div class=\"\">\r\n\t\t<input  type=\"text\" data-provide=\"cfdatepicker\" name=\"fld_2069457\" value=\"\" id=\"fld_2069457_1\" data-field=\"fld_2069457\" class=\"form-control cfdatepicker is-cfdatepicker\" data-date-format=\"dd.mm.yyyy\" data-date-start-view=\"month\"  data-date-start-date=\"-31d\" data-date-language=\"de\" data-date-autoclose=\"true\"   aria-labelledby=\"fld_2069457Label\"   \/>\n\t\t\t<\/div>\r\n<\/div>\r\n<div data-field-wrapper=\"fld_3419965\" class=\"form-group\" id=\"fld_3419965_1-wrap\">\r\n\t<label id=\"fld_3419965Label\" for=\"fld_3419965_1\" class=\"control-label\">Mitteilung<\/label>\r\n\t<div class=\"\">\r\n\t\t<textarea name=\"fld_3419965\" value=\"\" data-field=\"fld_3419965\" class=\"form-control\" id=\"fld_3419965_1\" rows=\"4\" placeholder=\"Ihre Mitteilung\"    aria-labelledby=\"fld_3419965Label\" ><\/textarea>\n\t\t\t<\/div>\r\n<\/div>\r\n<div data-field-wrapper=\"fld_2106227\" class=\"form-group\" id=\"fld_2106227_1-wrap\">\r\n<div class=\"\">\r\n\t<input  class=\"btn btn-default\" type=\"submit\" name=\"fld_2106227\" id=\"fld_2106227_1\" value=\"Senden\" data-field=\"fld_2106227\"  >\n<\/div>\r\n<\/div>\r\n\t<input class=\"button_trigger_1\" type=\"hidden\" name=\"fld_2106227\" id=\"fld_2106227_1_btn\" value=\"\" data-field=\"fld_2106227\"  \/>\n<\/div><\/div><\/form>\r\n<\/div>\r\n\n[\/vc_column_text][\/vc_column][\/vc_row]\n<\/section>","protected":false},"excerpt":{"rendered":"<p>[vc_row thb_full_width=&#8220;true&#8220; thb_row_padding=&#8220;true&#8220; thb_column_padding=&#8220;true&#8220;][vc_column][\/vc_column][\/vc_row][vc_row][vc_column][vc_text_separator title=&#8220;DIGITALES PARKEN&#8220; color=&#8220;blue&#8220; border_width=&#8220;2&#8243; el_class=&#8220;trennline&#8220;][vc_text_separator title=&#8220;DIE ZUKUNFT BEGINNT JETZT!&#8220; color=&#8220;blue&#8220; border_width=&#8220;2&#8243; el_class=&#8220;trennline&#8220;][\/vc_column][\/vc_row][vc_row][vc_column width=&#8220;1\/6&#8243;][\/vc_column][vc_column width=&#8220;2\/3&#8243;][vc_column_text el_class=&#8220;uxi&#8220;] [\/vc_column_text][\/vc_column][vc_column width=&#8220;1\/6&#8243;][\/vc_column][\/vc_row][vc_row][vc_column][vc_column_text] K+S ist Vorreiter beim digitalen Parkraum-Management. Eine funku\u0308berwachte Sensorik erfasst und u\u0308bermittelt die Parkdauer auf den Parkpla\u0308tzen automatisch an den Innendienst von K+S, so dass die Mitarbeiterinnen und Mitarbeiter jederzeit U\u0308berblick u\u0308ber die Nutzungsdauer&hellip;<\/p>\n","protected":false},"author":6,"featured_media":0,"parent":0,"menu_order":0,"comment_status":"closed","ping_status":"closed","template":"","meta":{"_acf_changed":false,"footnotes":""},"class_list":["post-406","page","type-page","status-publish","hentry"],"acf":[],"_links":{"self":[{"href":"https:\/\/parkraum.de\/2024\/wp-json\/wp\/v2\/pages\/406"}],"collection":[{"href":"https:\/\/parkraum.de\/2024\/wp-json\/wp\/v2\/pages"}],"about":[{"href":"https:\/\/parkraum.de\/2024\/wp-json\/wp\/v2\/types\/page"}],"author":[{"embeddable":true,"href":"https:\/\/parkraum.de\/2024\/wp-json\/wp\/v2\/users\/6"}],"replies":[{"embeddable":true,"href":"https:\/\/parkraum.de\/2024\/wp-json\/wp\/v2\/comments?post=406"}],"version-history":[{"count":32,"href":"https:\/\/parkraum.de\/2024\/wp-json\/wp\/v2\/pages\/406\/revisions"}],"predecessor-version":[{"id":1570,"href":"https:\/\/parkraum.de\/2024\/wp-json\/wp\/v2\/pages\/406\/revisions\/1570"}],"wp:attachment":[{"href":"https:\/\/parkraum.de\/2024\/wp-json\/wp\/v2\/media?parent=406"}],"curies":[{"name":"wp","href":"https:\/\/api.w.org\/{rel}","templated":true}]}}